{"id":725,"date":"2021-03-25T12:31:13","date_gmt":"2021-03-25T11:31:13","guid":{"rendered":"http:\/\/unimog-potocnik.eu\/?page_id=725"},"modified":"2021-04-02T12:58:37","modified_gmt":"2021-04-02T10:58:37","slug":"privacy-policy","status":"publish","type":"page","link":"https:\/\/unimog-potocnik.eu\/de\/privacy-policy\/","title":{"rendered":"Gesch\u00e4ftsbedingungen und Cookies"},"content":{"rendered":"<div class=\"fusion-fullwidth fullwidth-box fusion-builder-row-1 fusion-flex-container nonhundred-percent-fullwidth non-hundred-percent-height-scrolling\" style=\"--awb-border-radius-top-left:0px;--awb-border-radius-top-right:0px;--awb-border-radius-bottom-right:0px;--awb-border-radius-bottom-left:0px;--awb-flex-wrap:wrap;\" ><div class=\"fusion-builder-row fusion-row fusion-flex-align-items-flex-start fusion-flex-content-wrap\" style=\"max-width:1248px;margin-left: calc(-4% \/ 2 );margin-right: calc(-4% \/ 2 );\"><div class=\"fusion-layout-column fusion_builder_column fusion-builder-column-0 fusion_builder_column_1_1 1_1 fusion-flex-column\" style=\"--awb-bg-size:cover;--awb-width-large:100%;--awb-margin-top-large:0px;--awb-spacing-right-large:1.92%;--awb-margin-bottom-large:0px;--awb-spacing-left-large:1.92%;--awb-width-medium:100%;--awb-spacing-right-medium:1.92%;--awb-spacing-left-medium:1.92%;--awb-width-small:100%;--awb-spacing-right-small:1.92%;--awb-spacing-left-small:1.92%;\"><div class=\"fusion-column-wrapper fusion-flex-justify-content-flex-start fusion-content-layout-column\"><div class=\"fusion-text fusion-text-1\"><h1>POGOJI POSLOVANJA<\/h1>\n<p>Nahajate se na spletnem mestu Poto\u010dnik+ d.o.o., <a href=\"http:\/\/unimog-potocnik.eu\/de\/\">http:\/\/unimog-potocnik.eu\/<\/a> va\u0161 dostop do tega spletnega mesta in njegovo uporabo urejajo ti splo\u0161ni pogoji. Z vstopom na spletno mesto potrjujete, da ste z njimi seznanjeni, da z njimi sogla\u0161ate in da vas dolo\u010dbe teh splo\u0161nih pogojev zavezujejo. Poto\u010dnik+ d.o.o. si pridr\u017euje pravico, da te splo\u0161ne pogoje brez obvestila spremeni ali dopolni.<\/p>\n<p>Vse podatke in informacije, objavljene na spletnem mestu ., <u><a href=\"http:\/\/unimog-potocnik.eu\/de\/\">http:\/\/unimog-potocnik.eu\/<\/a><\/u> je treba pred uporabo obvezno preveriti pri na\u0161ih sodelavcih. Poto\u010dnik+ d.o.o<strong>. <\/strong>pravilnosti in to\u010dnosti teh podatkov namenja veliko pozornosti in jih redno preverja ter a\u017eurira, ker pa se ti lahko spremenijo tudi v obdobju med dvema a\u017euriranjema, Poto\u010dnik+ d.o.o<strong>.<\/strong> za njihovo a\u017eurnost in to\u010dnost ne prevzema nobene odgovornosti, prav tako pa ne daje nikakr\u0161nih garancij za celovitost ali pravilno interpretacijo posredovanih informacij. Enako velja tudi za vse druge spletne strani, ki so lahko dostopne prek hipertekstovnih povezav. Povezave s tovrstnimi stranmi vzpostavljate na lastno odgovornost, saj Poto\u010dnik+ d.o.o. zanje odgovornosti ne prevzema.<\/p>\n<p>Podatki na spletnem mestu so samo informativne narave, zato Poto\u010dnik+ d.o.o<strong>.<\/strong> ne prevzema odgovornosti za morebitne napake v vsebini ter pravilnosti in to\u010dnosti objavljenih podatkov, do katerih je morebiti pri\u0161lo zaradi \u010dasovnih neusklajenosti, napak pri vnosu ali drugih nepredvidljivih vzrokov. Vsebine, ki so objavljene na tem spletnem mestu ali povezanih spletnih straneh, torej lahko vsebujejo neto\u010dnosti, tipkovne, slovni\u010dne ali tipografske napake. Poto\u010dnik+ d.o.o<strong>. <\/strong>lastno odgovornost zanje izrecno izklju\u010duje.<\/p>\n<p>Poto\u010dnik+ d.o.o<strong>. <\/strong>vsebin spletnega mesta ni zavezana posodabljati, jih pa lahko kadar koli in brez predhodnega obvestila spremeni. Poto\u010dnik+ d.o.o<strong>. <\/strong>si tako pridr\u017euje pravico do spreminjanja in dopolnjevanja vsebin.<\/p>\n<p>To spletno mesto je intelektualna lastnina Poto\u010dnik+ d.o.o<strong>. <\/strong>Vse informacije, podatki, produkti in opisi storitev ter druga vsebina, vklju\u010dno z vsemi ra\u010dunalni\u0161kimi programi, ki so na voljo na spletnem mestu, so za\u0161\u010diteni z avtorskimi pravicami. Uporabniki jih ne smejo spreminjati, kopirati, distribuirati, prena\u0161ati, prikazovati, objavljati, prodajati, licencirati, preoblikovati v izvedene produkte ali uporabljati za komercialne ali javne namene.<\/p>\n<p>Slike oseb, predmetov, krajev in druge slike, prikazane na spletnem mestu, so last Poto\u010dnik+ d.o.o. ali pa so objavljene z dovoljenjem lastnika. Kakr\u0161na koli uporaba teh slik brez pisnega dovoljenja lastnika je prepovedana in predstavlja kr\u0161itev avtorskih pravic ali drugih pravic intelektualne lastnine oz. predpisov o varstvu osebnih podatkov.<\/p>\n<p>Blagovne znamke, logotipi in storitvene znamke (za\u0161\u010ditni znaki), ki so prikazani na spletnem mestu, so last Poto\u010dnik+ d.o.o ali tretjih oseb. Uporabniki jih brez dovoljenja lastnika za\u0161\u010ditnih znakov ne smejo uporabljati.<\/p>\n<p>Poto\u010dnik+ d.o.o si pridr\u017eujejo pravico, da se ob kr\u0161enju teh splo\u0161nih pogojev poslu\u017ei vseh pravnih sredstev in pravic, vklju\u010dno s pravico do blokiranja dostopa do spletnega mesta z dolo\u010denega spletnega naslova.<\/p>\n<p><strong>Namen zbiranja osebnih podatkov<\/strong><br \/>Upravljavec obdeluje osebne podatke uporabnikov za naslednje namene:<br \/>&#8211; povpra\u0161evanje uporabnikov<\/p>\n<p>Upravljavec lahko obdeluje naslednje osebne podatke uporabnikov:<\/p>\n<ul>\n<li>ime in priimek,<\/li>\n<li>elektronski naslov,<\/li>\n<li>tema,<\/li>\n<li>sporo\u010dilo,<\/li>\n<\/ul>\n<p>\u00a0<\/p>\n<p>ki so poslana direktno na e-mail naslove objavljene pod zavihkom Kontakt. Gre predvsem za komunikacijo med uporabnikom spletne strani in morebitnih vpra\u0161anj oziroma za pripravo ponudbe.<\/p>\n<p><strong>Osebna privolitev uporabnika<\/strong><br \/>Upravljavec zagotavlja mo\u017enost osebne privolitve uporabnika, kjer je to potrebno, brez vnaprej izpolnjenega potrditvenega okenca. Osebna privolitev uporabnika je njegova prostovoljna izjava volje, da se lahko njegovi osebni podatki obdelujejo za dolo\u010den namen, in je dana na podlagi informacij, ki mu jih zagotavlja upravljavec s temi pravnimi pogoji.<\/p>\n<p><strong>Neposredno tr\u017eenje<\/strong><br \/>Za namene neposrednega tr\u017eenja upravljavec ne uporablja nobenega osebnega podatka.<\/p>\n<p><strong>Posredovanje osebnih podatkov tretjim osebam<\/strong><br \/>Upravljavec ne posreduje osebnih podatkov uporabnikov tretjim osebam.<\/p>\n<p><strong>Shranjevanje osebnih podatkov<\/strong><br \/>Na spletni strani \u00a0http:\/\/unimog-potocnik.eu\/ se podatki ne shranjujejo.<\/p>\n<p>\u00a0<\/p>\n<p>\u00a0<\/p>\n<p>Uporaba pi\u0161kotkov na spletnem mestu: http:\/\/unimog-potocnik.eu\/<\/p>\n<p>Upravljavec spletnega mesta in vseh podatkov, povezanih z njim, je:<br \/>Poto\u010dnik+ d.o.o<\/p>\n<p>Rovte v Sel\u0161ki dolini 9<\/p>\n<p>4227 Selca<\/p>\n<p>Slovenija<\/p>\n<p>Tel: 00386 31 888 856<br \/>E-mail: <a href=\"mailto:potjanez@gmail.com\">potjanez@gmail.com<\/a><\/p>\n<p>Dav\u010dna \u0161tevilka: SI 85134708<br \/>Mati\u010dna \u0161tevilka: 6658822000<\/p>\n<p>Vrste pi\u0161kotkov, njihov namen in \u010das trajanja:<br \/>Pi\u0161kotki so majhne datoteke, ki jih nalo\u017eimo na va\u0161 ra\u010dunalnik. Pomagajo pri hitrej\u0161em delovanju spletne strani. Spletno mesto uporablja naslednje pi\u0161kotke:<\/p>\n<p>Ime pi\u0161kotka: _ga<br \/>Namen pi\u0161kotka: Googlova statistika ogledov<br \/>\u010cas trajanja: 30 dni<\/p>\n<p>Upravljavec zagotavlja obvestilo brez privolitve, \u010de uporablja te pi\u0161kotke:<br \/>pi\u0161kotki, ki so potrebni izklju\u010dno zaradi prenosa sporo\u010dila po elektronskem komunikacijskem omre\u017eju,<br \/>in<br \/>pi\u0161kotki, ki so nujno potrebni za zagotovitev storitve informacijske dru\u017ebe, ki jo naro\u010dnik ali uporabnik izrecno zahtevata.<\/p>\n<p>Upravljavec zagotavlja obvestilo s privolitvijo uporabnika v vseh drugih primerih in uporabnika ustrezno obve\u0161\u010da o mo\u017enostih nastavitev pi\u0161kotkov. Upravljavec brez izrecne privolitve ne uporablja pi\u0161kotkov, ki potrebujejo privolitev uporabnika za namestitev. Upravljavec zagotavlja mo\u017enost poznej\u0161e spremembe privolitve uporabnika s tem, da obvestilo ohranja na vidnem mestu na spletni strani.<\/p>\n<p>\u00a0<\/p>\n<p><strong>\u00a0<\/strong><\/p>\n<h1>PI\u0160KOTKI<\/h1>\n<h1>\u00a0<\/h1>\n<h1>O pi\u0161kotkih<\/h1>\n<h3>Kaj so pi\u0161kotki?<\/h3>\n<p>Pi\u0161kotki so male besedilne datoteke, v katere se zapi\u0161ejo podatki o obisku spletne strani.<\/p>\n<p>Interakcija med spletnim uporabnikom in spletno stranjo je s pomo\u010djo pi\u0161kotkov hitrej\u0161a in enostavnej\u0161a. Z njihovo pomo\u010djo si spletna stran zapomni posameznikove preference in izku\u0161nje, s tem je prihranjen \u010das, brskanje po spletnih straneh pa je bolj u\u010dinkovito in prijetno.<\/p>\n<p>\u00a0<\/p>\n<p>Nobeni pi\u0161kotki, ki jih uporabljamo na svojih spletnih straneh, ne zbirajo podatkov, s katerimi bi vas bilo mogo\u010de osebno prepoznati.<\/p>\n<p>Ker \u017eelimo biti z vami popolnoma odkriti, smo pripravili seznam vseh pi\u0161kotkov, ki jih uporabljamo, in zakaj. Upo\u0161tevajte, da se z nadaljnjo uporabo te spletne strani strinjate z na\u0161o rabo opisanih pi\u0161kotkov.<\/p>\n<h3>\u00a0<\/h3>\n<h3>Katere pi\u0161kotke uporablja ta spletna stran?<\/h3>\n<h4>Nujno potrebni pi\u0161kotki<\/h4>\n<p>Pi\u0161kotki, ki nam pomagajo ustrezno prikazati vsebine, omogo\u010dajo delovanje obrazcev in drugih elementov spletne strani.<br \/>Tovrstni pi\u0161kotki so aktivni le v \u010dasu trajanja seje.<\/p>\n<h4>\u00a0<\/h4>\n<h4>Google<\/h4>\n<p>Google uporablja pi\u0161kotke za shranjevanje priljubljenih uporabni\u0161kih nastavitev, izbire jezikovne verzije, \u0161t. prikazanih zadetkov in vrednosti, prikaz informacij na Google zemljevidih ter mnogih drugih funkcionalnosti in storitev tega spletnega giganta.<\/p>\n<h4>\u00a0<\/h4>\n<h4>Google Analytics<\/h4>\n<p>Google Analytics je storitev spletnega analiziranja. Nudi nam informacije o obna\u0161anju uporabnikov na na\u0161i spletni strani in nam s tem pomaga ustvariti bolj\u0161o uporabni\u0161ko izku\u0161njo, prikazati relevantno vsebino itn. Pri razbiranju teh podatkov vas ne moremo osebno prepoznati.<br \/>\u017divljenjska doba teh pi\u0161kotkov zna\u0161a do 2 let.<\/p>\n<h3>\u00a0<\/h3>\n<h3>\u00a0<\/h3>\n<h3>Kako lahko upravljate ali bri\u0161ete pi\u0161kotke?<\/h3>\n<p>Pi\u0161kotkov nikakor ne bomo uporabljali za zbiranje va\u0161ih osebno dolo\u010dljivih podatkov, po \u017eelji pa lahko nastavitve o uporabi pi\u0161kotkov spremenite tudi v brskalniku svojega ra\u010dunalnika ali mobilne naprave.<\/p>\n<p>Ve\u010dina modernih brskalnikov omogo\u010da, da sprejmete ali zavrnete vse pi\u0161kotke, sprejmete ali zavrnete le dolo\u010dene vrste pi\u0161kotkov ali pa si nastavite opozorilo, da stran \u017eeli shraniti pi\u0161kotek na va\u0161o napravo. Izbri\u0161ete lahko tudi pi\u0161kotke, ki jih je brskalnik \u017ee shranil na va\u0161i napravi.<\/p>\n<p>Opozarjamo vas, da v primeru izklopa pi\u0161kotkov vse funkcionalnosti spletnih strani morda ne bodo delovale enako u\u010dinkovito, opozorilo o uporabi pi\u0161kotkov se bo prikazalo ob vsakem obisku, dolgoro\u010dno pa bo to negativno vplivalo na va\u0161o uporabni\u0161ko izku\u0161njo.<\/p>\n<p>\u00a0<\/p>\n<p>Postopek spremembe nastavitev pi\u0161kotkov se v vsakem brskalniku razlikuje. Informacijo o tem lahko poi\u0161\u010dete s pomo\u010djo funkcije \u00bbPomo\u010d\u00ab, obi\u0161\u010dete <a href=\"https:\/\/www.aboutcookies.org\/\">www.aboutcookies.org<\/a>, ki nazorno razlo\u017ei postopek v vseh modernih brskalnikih, ali pa nas kontaktirate prek <a href=\"mailto:piskotki@av-studio.si\">e-po\u0161te<\/a>.<\/p>\n<p>\u00a0<\/p>\n<h2>\u00a0<\/h2>\n<\/div><\/div><\/div><\/div><\/div>\n","protected":false},"excerpt":{"rendered":"","protected":false},"author":1,"featured_media":0,"parent":0,"menu_order":0,"comment_status":"closed","ping_status":"open","template":"","meta":{"footnotes":""},"class_list":["post-725","page","type-page","status-publish","hentry"],"yoast_head":"<!-- This site is optimized with the Yoast SEO plugin v27.4 - https:\/\/yoast.com\/product\/yoast-seo-wordpress\/ -->\n<title>Gesch\u00e4ftsbedingungen und Cookies - Unimog Poto\u010dnik<\/title>\n<meta name=\"description\" content=\"Gesch\u00e4ftsbedingungen und Cookies\" \/>\n<meta name=\"robots\" content=\"index, follow, max-snippet:-1, max-image-preview:large, max-video-preview:-1\" \/>\n<link rel=\"canonical\" href=\"https:\/\/unimog-potocnik.eu\/privacy-policy\/\" \/>\n<meta property=\"og:locale\" content=\"de_DE\" \/>\n<meta property=\"og:type\" content=\"article\" \/>\n<meta property=\"og:title\" content=\"Gesch\u00e4ftsbedingungen und Cookies - Unimog Poto\u010dnik\" \/>\n<meta property=\"og:description\" content=\"Gesch\u00e4ftsbedingungen und Cookies\" \/>\n<meta property=\"og:url\" content=\"https:\/\/unimog-potocnik.eu\/privacy-policy\/\" \/>\n<meta property=\"og:site_name\" content=\"Unimog Poto\u010dnik\" \/>\n<meta property=\"article:modified_time\" content=\"2021-04-02T10:58:37+00:00\" \/>\n<meta name=\"twitter:card\" content=\"summary_large_image\" \/>\n<meta name=\"twitter:label1\" content=\"Gesch\u00e4tzte Lesezeit\" \/>\n\t<meta name=\"twitter:data1\" content=\"8\u00a0Minuten\" \/>\n<script type=\"application\/ld+json\" class=\"yoast-schema-graph\">{\"@context\":\"https:\\\/\\\/schema.org\",\"@graph\":[{\"@type\":\"WebPage\",\"@id\":\"https:\\\/\\\/unimog-potocnik.eu\\\/privacy-policy\\\/\",\"url\":\"https:\\\/\\\/unimog-potocnik.eu\\\/privacy-policy\\\/\",\"name\":\"Gesch\u00e4ftsbedingungen und Cookies - Unimog Poto\u010dnik\",\"isPartOf\":{\"@id\":\"https:\\\/\\\/unimog-potocnik.eu\\\/#website\"},\"datePublished\":\"2021-03-25T11:31:13+00:00\",\"dateModified\":\"2021-04-02T10:58:37+00:00\",\"description\":\"Gesch\u00e4ftsbedingungen und Cookies\",\"breadcrumb\":{\"@id\":\"https:\\\/\\\/unimog-potocnik.eu\\\/privacy-policy\\\/#breadcrumb\"},\"inLanguage\":\"de\",\"potentialAction\":[{\"@type\":\"ReadAction\",\"target\":[\"https:\\\/\\\/unimog-potocnik.eu\\\/privacy-policy\\\/\"]}]},{\"@type\":\"BreadcrumbList\",\"@id\":\"https:\\\/\\\/unimog-potocnik.eu\\\/privacy-policy\\\/#breadcrumb\",\"itemListElement\":[{\"@type\":\"ListItem\",\"position\":1,\"name\":\"Home\",\"item\":\"https:\\\/\\\/unimog-potocnik.eu\\\/de\\\/\"},{\"@type\":\"ListItem\",\"position\":2,\"name\":\"Gesch\u00e4ftsbedingungen und Cookies\"}]},{\"@type\":\"WebSite\",\"@id\":\"https:\\\/\\\/unimog-potocnik.eu\\\/#website\",\"url\":\"https:\\\/\\\/unimog-potocnik.eu\\\/\",\"name\":\"Unimog Poto\u010dnik\",\"description\":\"\",\"potentialAction\":[{\"@type\":\"SearchAction\",\"target\":{\"@type\":\"EntryPoint\",\"urlTemplate\":\"https:\\\/\\\/unimog-potocnik.eu\\\/?s={search_term_string}\"},\"query-input\":{\"@type\":\"PropertyValueSpecification\",\"valueRequired\":true,\"valueName\":\"search_term_string\"}}],\"inLanguage\":\"de\"}]}<\/script>\n<!-- \/ Yoast SEO plugin. -->","yoast_head_json":{"title":"Gesch\u00e4ftsbedingungen und Cookies - Unimog Poto\u010dnik","description":"Gesch\u00e4ftsbedingungen und Cookies","robots":{"index":"index","follow":"follow","max-snippet":"max-snippet:-1","max-image-preview":"max-image-preview:large","max-video-preview":"max-video-preview:-1"},"canonical":"https:\/\/unimog-potocnik.eu\/privacy-policy\/","og_locale":"de_DE","og_type":"article","og_title":"Gesch\u00e4ftsbedingungen und Cookies - Unimog Poto\u010dnik","og_description":"Gesch\u00e4ftsbedingungen und Cookies","og_url":"https:\/\/unimog-potocnik.eu\/privacy-policy\/","og_site_name":"Unimog Poto\u010dnik","article_modified_time":"2021-04-02T10:58:37+00:00","twitter_card":"summary_large_image","twitter_misc":{"Gesch\u00e4tzte Lesezeit":"8\u00a0Minuten"},"schema":{"@context":"https:\/\/schema.org","@graph":[{"@type":"WebPage","@id":"https:\/\/unimog-potocnik.eu\/privacy-policy\/","url":"https:\/\/unimog-potocnik.eu\/privacy-policy\/","name":"Gesch\u00e4ftsbedingungen und Cookies - Unimog Poto\u010dnik","isPartOf":{"@id":"https:\/\/unimog-potocnik.eu\/#website"},"datePublished":"2021-03-25T11:31:13+00:00","dateModified":"2021-04-02T10:58:37+00:00","description":"Gesch\u00e4ftsbedingungen und Cookies","breadcrumb":{"@id":"https:\/\/unimog-potocnik.eu\/privacy-policy\/#breadcrumb"},"inLanguage":"de","potentialAction":[{"@type":"ReadAction","target":["https:\/\/unimog-potocnik.eu\/privacy-policy\/"]}]},{"@type":"BreadcrumbList","@id":"https:\/\/unimog-potocnik.eu\/privacy-policy\/#breadcrumb","itemListElement":[{"@type":"ListItem","position":1,"name":"Home","item":"https:\/\/unimog-potocnik.eu\/de\/"},{"@type":"ListItem","position":2,"name":"Gesch\u00e4ftsbedingungen und Cookies"}]},{"@type":"WebSite","@id":"https:\/\/unimog-potocnik.eu\/#website","url":"https:\/\/unimog-potocnik.eu\/","name":"Unimog Poto\u010dnik","description":"","potentialAction":[{"@type":"SearchAction","target":{"@type":"EntryPoint","urlTemplate":"https:\/\/unimog-potocnik.eu\/?s={search_term_string}"},"query-input":{"@type":"PropertyValueSpecification","valueRequired":true,"valueName":"search_term_string"}}],"inLanguage":"de"}]}},"_links":{"self":[{"href":"https:\/\/unimog-potocnik.eu\/de\/wp-json\/wp\/v2\/pages\/725","targetHints":{"allow":["GET"]}}],"collection":[{"href":"https:\/\/unimog-potocnik.eu\/de\/wp-json\/wp\/v2\/pages"}],"about":[{"href":"https:\/\/unimog-potocnik.eu\/de\/wp-json\/wp\/v2\/types\/page"}],"author":[{"embeddable":true,"href":"https:\/\/unimog-potocnik.eu\/de\/wp-json\/wp\/v2\/users\/1"}],"replies":[{"embeddable":true,"href":"https:\/\/unimog-potocnik.eu\/de\/wp-json\/wp\/v2\/comments?post=725"}],"version-history":[{"count":6,"href":"https:\/\/unimog-potocnik.eu\/de\/wp-json\/wp\/v2\/pages\/725\/revisions"}],"predecessor-version":[{"id":1272,"href":"https:\/\/unimog-potocnik.eu\/de\/wp-json\/wp\/v2\/pages\/725\/revisions\/1272"}],"wp:attachment":[{"href":"https:\/\/unimog-potocnik.eu\/de\/wp-json\/wp\/v2\/media?parent=725"}],"curies":[{"name":"wp","href":"https:\/\/api.w.org\/{rel}","templated":true}]}}